{"id":19,"date":"2024-09-28T13:38:09","date_gmt":"2024-09-28T11:38:09","guid":{"rendered":"https:\/\/dev.raumtechnik.com\/?page_id=19"},"modified":"2025-11-05T14:15:18","modified_gmt":"2025-11-05T13:15:18","slug":"impressum","status":"publish","type":"page","link":"https:\/\/www.raumtechnik.com\/de\/impressum\/","title":{"rendered":"Impressum"},"content":{"rendered":"\t\t<div data-elementor-type=\"wp-page\" data-elementor-id=\"19\" class=\"elementor elementor-19\" data-elementor-post-type=\"page\">\n\t\t\t\t<div class=\"elementor-element elementor-element-eeaa7cf wrapper pt-xl pb-xl e-flex e-con-boxed e-con e-parent\" data-id=\"eeaa7cf\" data-element_type=\"container\" data-e-type=\"container\" data-settings=\"{&quot;background_background&quot;:&quot;classic&quot;}\">\n\t\t\t\t\t<div class=\"e-con-inner\">\n\t\t\t\t<div class=\"elementor-element elementor-element-9bb61ba elementor-invisible elementor-widget elementor-widget-heading\" data-id=\"9bb61ba\" data-element_type=\"widget\" data-e-type=\"widget\" data-settings=\"{&quot;_animation&quot;:&quot;fadeIn&quot;}\" data-widget_type=\"heading.default\">\n\t\t\t\t<div class=\"elementor-widget-container\">\n\t\t\t\t\t<h1 class=\"elementor-heading-title elementor-size-default\">Impressum<\/h1>\t\t\t\t<\/div>\n\t\t\t\t<\/div>\n\t\t\t\t<div class=\"elementor-element elementor-element-e194b36 p-reset legal link elementor-invisible elementor-widget elementor-widget-text-editor\" data-id=\"e194b36\" data-element_type=\"widget\" data-e-type=\"widget\" data-settings=\"{&quot;_animation&quot;:&quot;fadeIn&quot;}\" data-widget_type=\"text-editor.default\">\n\t\t\t\t<div class=\"elementor-widget-container\">\n\t\t\t\t\t\t\t\t\tRaumtechnik<br>\nMessebau &amp; Event Services GmbH<br>\nPlieninger Stra\u00dfe 54<br>\n73760 Ostfildern<br>\n<h2>Vertreten durch<\/h2>\nGesch\u00e4ftsf\u00fchrung:\nBernd Schury,\u00a0Moritz Riehm\n<h2>Kontakt<\/h2>\nTelefon:\u00a0<a href=\"tel:+49715898740\">+49 (0) 71 58 98 74 0<\/a><br>\nE-Mail: <a href=\"mailto:info@raumtechnik.com\">info@raumtechnik.com<\/a>\n<h2>Registereintrag<\/h2>\nEintragung im Handelsregister<br>\nRegistergericht: Amtsgericht Stuttgart<br>\nRegisternummer: HRB 213689<br>\n<h2>Umsatzsteuer<\/h2>\nUmsatzsteuer-Identifikationsnummer gem\u00e4\u00df \u00a727 a \nUmsatzsteuergesetz:\nDE 812669631\n<h2>Angaben zur Berufshaftpflichtversicherung<\/h2>\nName und Sitz des Versicherers:\nChubb European Group SE\nDirektion f\u00fcr Deutschland\nBaseler Stra\u00dfe 10\n60329 Frankfurt am Main\n\nGeltungsraum der Versicherung: Weltweit. Ausgeschlossen sind jedoch Sch\u00e4den in USA\/Kanada. F\u00fcr diese F\u00e4lle gilt dann folgende Versicherungsgesellschaft: Chubb International Advantage, 525 W Monroe Street, Suite 700, Chicago, IL 60661.\n<h2>Streitschlichtung<\/h2>\nDie Europ\u00e4ische Kommission stellt eine Plattform zur Online-Streitbeilegung (OS) bereit:\u00a0<a href=\"https:\/\/ec.europa.eu\/consumers\/odr\" target=\"_blank\" rel=\"noopener\">https:\/\/ec.europa.eu\/consumers\/odr<\/a>.\nUnsere E-Mail-Adresse finden Sie oben im Impressum.\n\nWir sind nicht bereit oder verpflichtet, an Streitbeilegungsverfahren vor einer Verbraucherschlichtungsstelle teilzunehmen.\n<h3>Hinweis zur EU-F\u00f6rderung<\/h3>\nDieses Unternehmen hat f\u00fcr elektrisch betriebene Fahrzeuge eine F\u00f6rderung im Rahmen des Umweltbonus erhalten, finanziert durch die Europ\u00e4ische Union \u2013 NextGenerationEU. Weitere Informationen finden Sie hier: <a href=\"http:\/\/www.raumtechnik.com\/de\/finanziert-durch-die-europaeische-union-nextgenerationeu\">www.raumtechnik.com\/de\/finanziert-durch-die-europaeische-union-nextgenerationeu<\/a>\n<h3>Haftung f\u00fcr Inhalte<\/h3>\nAls Diensteanbieter sind wir gem\u00e4\u00df \u00a7 7 Abs.1 TMG f\u00fcr eigene Inhalte auf diesen Seiten nach den allgemeinen Gesetzen verantwortlich. Nach \u00a7\u00a7 8 bis 10 TMG sind wir als Diensteanbieter jedoch nicht verpflichtet, \u00fcbermittelte oder gespeicherte fremde Informationen zu \u00fcberwachen oder nach Umst\u00e4nden zu forschen, die auf eine rechtswidrige T\u00e4tigkeit hinweisen.\n\nVerpflichtungen zur Entfernung oder Sperrung der Nutzung von Informationen nach den allgemeinen Gesetzen bleiben hiervon unber\u00fchrt. Eine diesbez\u00fcgliche Haftung ist jedoch erst ab dem Zeitpunkt der Kenntnis einer konkreten Rechtsverletzung m\u00f6glich. Bei Bekanntwerden von entsprechenden Rechtsverletzungen werden wir diese Inhalte umgehend entfernen.\n<h3>Haftung f\u00fcr Links<\/h3>\nUnser Angebot enth\u00e4lt Links zu externen Websites Dritter, auf deren Inhalte wir keinen Einfluss haben. Deshalb k\u00f6nnen wir f\u00fcr diese fremden Inhalte auch keine Gew\u00e4hr \u00fcbernehmen. F\u00fcr die Inhalte der verlinkten Seiten ist stets der jeweilige Anbieter oder Betreiber der Seiten verantwortlich. Die verlinkten Seiten wurden zum Zeitpunkt der Verlinkung auf m\u00f6gliche Rechtsverst\u00f6\u00dfe \u00fcberpr\u00fcft. Rechtswidrige Inhalte waren zum Zeitpunkt der Verlinkung nicht erkennbar.\n\nEine permanente inhaltliche Kontrolle der verlinkten Seiten ist jedoch ohne konkrete Anhaltspunkte einer Rechtsverletzung nicht zumutbar. Bei Bekanntwerden von Rechtsverletzungen werden wir derartige Links umgehend entfernen.\n<h3>Urheberrecht<\/h3>\nDie durch die Seitenbetreiber erstellten Inhalte und Werke auf diesen Seiten unterliegen dem deutschen Urheberrecht. Die Vervielf\u00e4ltigung, Bearbeitung, Verbreitung und jede Art der Verwertung au\u00dferhalb der Grenzen des Urheberrechtes bed\u00fcrfen der schriftlichen Zustimmung des jeweiligen Autors bzw. Erstellers. Downloads und Kopien dieser Seite sind nur f\u00fcr den privaten, nicht kommerziellen Gebrauch gestattet.\n\nSoweit die Inhalte auf dieser Seite nicht vom Betreiber erstellt wurden, werden die Urheberrechte Dritter beachtet. Insbesondere werden Inhalte Dritter als solche gekennzeichnet. Sollten Sie trotzdem auf eine Urheberrechtsverletzung aufmerksam werden, bitten wir um einen entsprechenden Hinweis. Bei Bekanntwerden von Rechtsverletzungen werden wir derartige Inhalte umgehend entfernen.\n<h3><strong>Verantwortlich f\u00fcr den Inhalt nach \u00a7 55 Abs. 2 RStV<\/strong><\/h3>\nBernd Schury<br>\nRaumtechnik<br>\nMessebau &amp; Event Services GmbH<br>\nPlieninger Stra\u00dfe 54<br>\n73760 Ostfildern<br>\n<h3>Hinweis zur geschlechtergerechten Sprache<\/h3>\nZur besseren Lesbarkeit wird auf dieser Website auf eine durchg\u00e4ngig geschlechtergerechte Differenzierung verzichtet. Alle personenbezogenen Bezeichnungen gelten gleicherma\u00dfen f\u00fcr alle Geschlechter.\n<h3><b>Fotocredits<\/b><\/h3>\n<p style=\"font-weight: 400;\">Die auf dieser Website verwendeten Fotos stammen von Thomas B. Jones, Arjan van den Berg, Andreas Keller, Adrian Alexander, JP MOBILE SPACES, Mercedes-Benz AG,\u00a0 iStock oder sind lizenzfreie Bilder von Unsplash, Pexels. Bei Fragen zu Bildrechten wenden Sie sich bitte an <a href=\"mailto:info@raumtechnik.com\">info@raumtechnik.com<\/a>.<\/p>\n\n<h3><strong>Design &amp; Umsetzung<\/strong><\/h3>\nLeonhardt &amp; Kern Werbeagentur GmbH\t\t\t\t\t\t\t\t<\/div>\n\t\t\t\t<\/div>\n\t\t\t\t\t<\/div>\n\t\t\t\t<\/div>\n\t\t\t\t<\/div>\n\t\t","protected":false},"excerpt":{"rendered":"<p>Raumtechnik Messebau &amp; Event Services GmbH Plieninger Stra\u00dfe 54 73760 Ostfildern Vertreten durch Gesch\u00e4ftsf\u00fchrung: Bernd Schury,\u00a0Moritz Riehm Kontakt Telefon:\u00a0+49 (0) 71 58 98 74 0 E-Mail: info@raumtechnik.com Registereintrag Eintragung im Handelsregister Registergericht: Amtsgericht Stuttgart Registernummer: HRB 213689 Umsatzsteuer Umsatzsteuer-Identifikationsnummer gem\u00e4\u00df \u00a727 a Umsatzsteuergesetz: DE 812669631 Angaben zur Berufshaftpflichtversicherung Name und Sitz des Versicherers: Chubb European [&hellip;]<\/p>\n","protected":false},"author":1,"featured_media":0,"parent":0,"menu_order":0,"comment_status":"closed","ping_status":"closed","template":"","meta":{"footnotes":""},"class_list":["post-19","page","type-page","status-publish","hentry"],"_links":{"self":[{"href":"https:\/\/www.raumtechnik.com\/de\/wp-json\/wp\/v2\/pages\/19","targetHints":{"allow":["GET"]}}],"collection":[{"href":"https:\/\/www.raumtechnik.com\/de\/wp-json\/wp\/v2\/pages"}],"about":[{"href":"https:\/\/www.raumtechnik.com\/de\/wp-json\/wp\/v2\/types\/page"}],"author":[{"embeddable":true,"href":"https:\/\/www.raumtechnik.com\/de\/wp-json\/wp\/v2\/users\/1"}],"replies":[{"embeddable":true,"href":"https:\/\/www.raumtechnik.com\/de\/wp-json\/wp\/v2\/comments?post=19"}],"version-history":[{"count":64,"href":"https:\/\/www.raumtechnik.com\/de\/wp-json\/wp\/v2\/pages\/19\/revisions"}],"predecessor-version":[{"id":5232,"href":"https:\/\/www.raumtechnik.com\/de\/wp-json\/wp\/v2\/pages\/19\/revisions\/5232"}],"wp:attachment":[{"href":"https:\/\/www.raumtechnik.com\/de\/wp-json\/wp\/v2\/media?parent=19"}],"curies":[{"name":"wp","href":"https:\/\/api.w.org\/{rel}","templated":true}]}}